{"id":11499,"date":"2022-08-29T22:44:15","date_gmt":"2022-09-01T07:33:00","guid":{"rendered":"https:\/\/ronimisministeerium.ee\/tallinn\/product\/bouldering-def-course-2\/"},"modified":"2023-06-27T08:57:09","modified_gmt":"2023-06-27T05:57:09","slug":"bouldering-def-course","status":"publish","type":"product","link":"https:\/\/ronimisministeerium.ee\/tallinn\/en\/product\/bouldering-def-course\/","title":{"rendered":"Bouldering DEF course"},"content":{"rendered":"","protected":false},"excerpt":{"rendered":"<p>Follow-up to Bouldering ABC. Prerequisite for participation is passing the ABC or similar climbing skills.<br \/>\nIncludes 3 x 1.5 h climbing sessions with instructor. Before buying, be sure to read additional information on the course on our Facebook Events.<\/p>\n","protected":false},"featured_media":4445,"template":"","meta":[],"product_brand":[],"product_cat":[155],"product_tag":[278],"class_list":{"0":"post-11499","1":"product","2":"type-product","3":"status-publish","4":"has-post-thumbnail","6":"product_cat-courses","7":"product_tag-stebbydisabled","9":"first","10":"instock","11":"virtual","12":"taxable","13":"purchasable","14":"product-type-bundle"},"bundled_by":[],"bundle_stock_status":"instock","bundle_stock_quantity":1,"bundle_virtual":true,"bundle_layout":"default","bundle_add_to_cart_form_location":"default","bundle_editable_in_cart":false,"bundle_sold_individually_context":"product","bundle_item_grouping":"parent","bundle_min_size":"","bundle_max_size":"","bundled_items":[{"bundled_item_id":7,"product_id":11188,"menu_order":0,"quantity_min":1,"quantity_max":1,"quantity_default":1,"priced_individually":true,"shipped_individually":false,"override_title":false,"title":"3 korra p\u00e4\u00e4se (k\u00f5ik saalid)","override_description":true,"description":"In addition to the course fee you also need to have a ticket to the gym. Here you can choose a 3 times ticket that suits you.","optional":true,"hide_thumbnail":false,"discount":"","override_variations":false,"allowed_variations":[""],"override_default_variation_attributes":false,"default_variation_attributes":[],"single_product_visibility":"visible","cart_visibility":"visible","order_visibility":"visible","single_product_price_visibility":"visible","cart_price_visibility":"visible","order_price_visibility":"visible","stock_status":"in_stock"},{"bundled_item_id":8,"product_id":4473,"menu_order":1,"quantity_min":3,"quantity_max":3,"quantity_default":3,"priced_individually":true,"shipped_individually":false,"override_title":false,"title":"Climbing shoe rent (all gyms)","override_description":false,"description":"Climbing shoe rent (all gyms)","optional":true,"hide_thumbnail":false,"discount":"","override_variations":false,"allowed_variations":[""],"override_default_variation_attributes":false,"default_variation_attributes":[],"single_product_visibility":"visible","cart_visibility":"visible","order_visibility":"visible","single_product_price_visibility":"visible","cart_price_visibility":"visible","order_price_visibility":"visible","stock_status":"in_stock"}],"bundle_sell_ids":[],"_links":{"self":[{"href":"https:\/\/ronimisministeerium.ee\/tallinn\/en\/wp-json\/wp\/v2\/product\/11499","targetHints":{"allow":["GET"]}}],"collection":[{"href":"https:\/\/ronimisministeerium.ee\/tallinn\/en\/wp-json\/wp\/v2\/product"}],"about":[{"href":"https:\/\/ronimisministeerium.ee\/tallinn\/en\/wp-json\/wp\/v2\/types\/product"}],"version-history":[{"count":2,"href":"https:\/\/ronimisministeerium.ee\/tallinn\/en\/wp-json\/wp\/v2\/product\/11499\/revisions"}],"predecessor-version":[{"id":21518,"href":"https:\/\/ronimisministeerium.ee\/tallinn\/en\/wp-json\/wp\/v2\/product\/11499\/revisions\/21518"}],"wp:featuredmedia":[{"embeddable":true,"href":"https:\/\/ronimisministeerium.ee\/tallinn\/en\/wp-json\/wp\/v2\/media\/4445"}],"wp:attachment":[{"href":"https:\/\/ronimisministeerium.ee\/tallinn\/en\/wp-json\/wp\/v2\/media?parent=11499"}],"wp:term":[{"taxonomy":"product_brand","embeddable":true,"href":"https:\/\/ronimisministeerium.ee\/tallinn\/en\/wp-json\/wp\/v2\/product_brand?post=11499"},{"taxonomy":"product_cat","embeddable":true,"href":"https:\/\/ronimisministeerium.ee\/tallinn\/en\/wp-json\/wp\/v2\/product_cat?post=11499"},{"taxonomy":"product_tag","embeddable":true,"href":"https:\/\/ronimisministeerium.ee\/tallinn\/en\/wp-json\/wp\/v2\/product_tag?post=11499"}],"curies":[{"name":"wp","href":"https:\/\/api.w.org\/{rel}","templated":true}]}}