{"id":100009,"date":"2026-01-16T11:37:32","date_gmt":"2026-01-16T09:37:32","guid":{"rendered":"https:\/\/ronimisministeerium.ee\/tallinn\/?post_type=product&#038;p=100009"},"modified":"2026-03-19T22:59:25","modified_gmt":"2026-03-19T20:59:25","slug":"lastepilet-1x-3x-ja-10x-uus","status":"publish","type":"product","link":"https:\/\/ronimisministeerium.ee\/tallinn\/product\/lastepilet-1x-3x-ja-10x-uus\/","title":{"rendered":"Lastepilet (1x, 3x ja 10x)"},"content":{"rendered":"","protected":false},"excerpt":{"rendered":"<div class=\"woocommerce-product-details__short-description\">\n<div class=\"woocommerce-variation-description\">\n<p>Lastepiletiga saavad 0-13 aastased ronida eriti soodsalt!<\/p>\n<\/div>\n<p>\u00dche korra pileti hind sisaldab tavaliste ronimissusside ja talgikoti renti. Kui sul on oma varustus olemas, sulle v\u00f5ib sobida paremini valikulise rendivarustusega\u00a0 3x-, 10x- v\u00f5i kuupilet.<\/p>\n<p>3 x JA 10 x PILETID ON ISIKULISED!<br \/>\nUuesti sisenemisv\u00f5imaluse t\u00f5ttu (4 h) pole v\u00f5imalik aktiveerida saali tulles kaht k\u00fclastust 3 x v\u00f5i 10 x piletilt.<\/p>\n<p>Saalides ootavad sind sussid suurused 24-50. Algajatele soovitame tavalisi ronimissusse sest pro sussid on ikka p\u00e4ris ebamugavad&#8230; aga kui tahad ronida p\u00fcssimalt tuleb natukene kannatada.<\/p>\n<p>Kehtivus:<br \/>\n1 x pilet: homseni 24.00.<br \/>\n3 x pilet: 2 kuud ostukuup\u00e4evast<br \/>\n10 x pilet: 6 kuud ostukuup\u00e4evast<\/p>\n<ul>\n<li>Saali uuesti sisenemine lubatud 4 h aja.<\/li>\n<li>Pilet kehtib T1, Hipodroomi ja Mustika rahnuronimissaalides 24\/7 ning Peterburi tee k\u00f6rgel seina, kus ronitakse automaatjulgestusseadmetega ja k\u00f6iejulgestuses. Peterburi tee saali on ilma julgestajakaardita ronijad oodatud saali tavalahtiolekuaegadel.*<\/li>\n<\/ul>\n<p>P\u00e4rast ostu saate kaks meili: 1) Arve 2) Link ukse avamiseks. Meili alguses olevale sinisele nupule vajutades p\u00e4\u00e4sete saali.<\/p>\n<p>V\u00e4ljaspool T1 keskuse lahtiolekuaega toimub sisenemine ja v\u00e4ljumine 3. korruse parkla ukse kaudu.<br \/>\nMustika Keskuse 24\/7 sisse- ja v\u00e4ljap\u00e4\u00e4s asub Bauhofi otsa liugv\u00e4ravate k\u00f5rval.<br \/>\nMujal keskustes liikumine tekitab h\u00e4ire.<\/p>\n<p><strong>Alates 12-aastased lapsed v\u00f5ivad tulla ronima\u00a0iseseisvalt, noorematel peaks olema v\u00e4hemalt 2 lapse kohta 1 t\u00e4iskasvanud saatja.<\/strong> Lastel, kes on liitunud Ronimisministeeriumi trennidega, ei pea kaasas olema saatjat.<\/p>\n<p>* Ilma julgestajakaardita ronijad saavad ronida automaatjulgestusseadmetega varustatud radasid.<\/p>\n<\/div>\n","protected":false},"featured_media":99591,"template":"","meta":[],"product_brand":[],"product_cat":[128],"product_tag":[],"class_list":{"0":"post-100009","1":"product","2":"type-product","3":"status-publish","4":"has-post-thumbnail","6":"product_cat-uhekordsed-paasmed","8":"first","9":"instock","10":"taxable","11":"shipping-taxable","12":"purchasable","13":"product-type-variable"},"bundled_by":[],"bundle_stock_status":"instock","bundle_stock_quantity":null,"bundle_virtual":false,"bundle_layout":"","bundle_add_to_cart_form_location":"","bundle_editable_in_cart":false,"bundle_sold_individually_context":"","bundle_item_grouping":"","bundle_min_size":"","bundle_max_size":"","bundled_items":[],"bundle_sell_ids":[],"_links":{"self":[{"href":"https:\/\/ronimisministeerium.ee\/tallinn\/wp-json\/wp\/v2\/product\/100009","targetHints":{"allow":["GET"]}}],"collection":[{"href":"https:\/\/ronimisministeerium.ee\/tallinn\/wp-json\/wp\/v2\/product"}],"about":[{"href":"https:\/\/ronimisministeerium.ee\/tallinn\/wp-json\/wp\/v2\/types\/product"}],"version-history":[{"count":6,"href":"https:\/\/ronimisministeerium.ee\/tallinn\/wp-json\/wp\/v2\/product\/100009\/revisions"}],"predecessor-version":[{"id":107786,"href":"https:\/\/ronimisministeerium.ee\/tallinn\/wp-json\/wp\/v2\/product\/100009\/revisions\/107786"}],"wp:featuredmedia":[{"embeddable":true,"href":"https:\/\/ronimisministeerium.ee\/tallinn\/wp-json\/wp\/v2\/media\/99591"}],"wp:attachment":[{"href":"https:\/\/ronimisministeerium.ee\/tallinn\/wp-json\/wp\/v2\/media?parent=100009"}],"wp:term":[{"taxonomy":"product_brand","embeddable":true,"href":"https:\/\/ronimisministeerium.ee\/tallinn\/wp-json\/wp\/v2\/product_brand?post=100009"},{"taxonomy":"product_cat","embeddable":true,"href":"https:\/\/ronimisministeerium.ee\/tallinn\/wp-json\/wp\/v2\/product_cat?post=100009"},{"taxonomy":"product_tag","embeddable":true,"href":"https:\/\/ronimisministeerium.ee\/tallinn\/wp-json\/wp\/v2\/product_tag?post=100009"}],"curies":[{"name":"wp","href":"https:\/\/api.w.org\/{rel}","templated":true}]}}