{"id":11422,"date":"2022-08-29T22:44:15","date_gmt":"2022-08-29T19:44:15","guid":{"rendered":"https:\/\/ronimisministeerium.ee\/tallinn\/product\/bouldering-abc-kursus-copy\/"},"modified":"2026-01-09T16:14:10","modified_gmt":"2026-01-09T14:14:10","slug":"bouldering-def-kursus","status":"publish","type":"product","link":"https:\/\/ronimisministeerium.ee\/tallinn\/product\/bouldering-def-kursus\/","title":{"rendered":"Bouldering DEF kursus"},"content":{"rendered":"","protected":false},"excerpt":{"rendered":"<p>Tegemist on j\u00e4tkukursusega Bouldering ABC-le. Eelduseks osalemisele on ABC l\u00e4bimine v\u00f5i vastav ronimisoskus.<br \/>\nSisaldab 3 x 1.5 h ronimiskorda koos instruktoriga. Enne ostu loe kindlasti lisainformatsiooni meie Facebookist Eventside alt.<\/p>\n","protected":false},"featured_media":4444,"template":"","meta":[],"product_brand":[],"product_cat":[110],"product_tag":[277],"class_list":{"0":"post-11422","1":"product","2":"type-product","3":"status-publish","4":"has-post-thumbnail","6":"product_cat-kursused","7":"product_tag-stebbykeelatud","9":"first","10":"instock","11":"virtual","12":"taxable","13":"purchasable","14":"product-type-bundle"},"bundled_by":[],"bundle_stock_status":"instock","bundle_stock_quantity":1,"bundle_virtual":true,"bundle_layout":"default","bundle_add_to_cart_form_location":"default","bundle_editable_in_cart":false,"bundle_sold_individually_context":"product","bundle_item_grouping":"parent","bundle_min_size":"","bundle_max_size":"","bundled_items":[{"bundled_item_id":5,"product_id":11184,"menu_order":0,"quantity_min":1,"quantity_max":1,"quantity_default":1,"priced_individually":true,"shipped_individually":false,"override_title":false,"title":"3 korra p\u00e4\u00e4se (k\u00f5ik saalid)","override_description":true,"description":"Kursusel osalemiseks on sul vaja ka sissep\u00e4\u00e4su saali. Siit saad valida omale sobiliku 3 korra pileti.","optional":true,"hide_thumbnail":false,"discount":"","override_variations":false,"allowed_variations":[],"override_default_variation_attributes":false,"default_variation_attributes":[],"single_product_visibility":"visible","cart_visibility":"visible","order_visibility":"visible","single_product_price_visibility":"visible","cart_price_visibility":"visible","order_price_visibility":"visible","stock_status":"in_stock"},{"bundled_item_id":6,"product_id":3643,"menu_order":1,"quantity_min":3,"quantity_max":3,"quantity_default":3,"priced_individually":true,"shipped_individually":false,"override_title":false,"title":"Ronimissusside rent (k\u00f5ik saalid)","override_description":false,"description":"","optional":true,"hide_thumbnail":false,"discount":"","override_variations":false,"allowed_variations":[],"override_default_variation_attributes":false,"default_variation_attributes":[],"single_product_visibility":"visible","cart_visibility":"visible","order_visibility":"visible","single_product_price_visibility":"visible","cart_price_visibility":"visible","order_price_visibility":"visible","stock_status":"in_stock"}],"bundle_sell_ids":[],"_links":{"self":[{"href":"https:\/\/ronimisministeerium.ee\/tallinn\/wp-json\/wp\/v2\/product\/11422","targetHints":{"allow":["GET"]}}],"collection":[{"href":"https:\/\/ronimisministeerium.ee\/tallinn\/wp-json\/wp\/v2\/product"}],"about":[{"href":"https:\/\/ronimisministeerium.ee\/tallinn\/wp-json\/wp\/v2\/types\/product"}],"version-history":[{"count":6,"href":"https:\/\/ronimisministeerium.ee\/tallinn\/wp-json\/wp\/v2\/product\/11422\/revisions"}],"predecessor-version":[{"id":97535,"href":"https:\/\/ronimisministeerium.ee\/tallinn\/wp-json\/wp\/v2\/product\/11422\/revisions\/97535"}],"wp:featuredmedia":[{"embeddable":true,"href":"https:\/\/ronimisministeerium.ee\/tallinn\/wp-json\/wp\/v2\/media\/4444"}],"wp:attachment":[{"href":"https:\/\/ronimisministeerium.ee\/tallinn\/wp-json\/wp\/v2\/media?parent=11422"}],"wp:term":[{"taxonomy":"product_brand","embeddable":true,"href":"https:\/\/ronimisministeerium.ee\/tallinn\/wp-json\/wp\/v2\/product_brand?post=11422"},{"taxonomy":"product_cat","embeddable":true,"href":"https:\/\/ronimisministeerium.ee\/tallinn\/wp-json\/wp\/v2\/product_cat?post=11422"},{"taxonomy":"product_tag","embeddable":true,"href":"https:\/\/ronimisministeerium.ee\/tallinn\/wp-json\/wp\/v2\/product_tag?post=11422"}],"curies":[{"name":"wp","href":"https:\/\/api.w.org\/{rel}","templated":true}]}}