{"id":29348,"date":"2023-11-19T13:34:09","date_gmt":"2023-11-19T11:34:09","guid":{"rendered":"https:\/\/ronimisministeerium.ee\/tallinn\/?post_type=product&#038;p=29348"},"modified":"2026-01-09T16:14:40","modified_gmt":"2026-01-09T14:14:40","slug":"perepilet","status":"publish","type":"product","link":"https:\/\/ronimisministeerium.ee\/tallinn\/product\/perepilet\/","title":{"rendered":"Perepilet (k\u00f5ik ronimissaalid)"},"content":{"rendered":"\t\t<div data-elementor-type=\"wp-post\" data-elementor-id=\"29348\" class=\"elementor elementor-29348\">\n\t\t\t\t\t\t<section class=\"elementor-section elementor-top-section elementor-element elementor-element-a72b2fc elementor-section-boxed elementor-section-height-default elementor-section-height-default wd-section-disabled\" data-id=\"a72b2fc\" data-element_type=\"section\">\n\t\t\t\t\t\t<div class=\"elementor-container elementor-column-gap-default\">\n\t\t\t\t\t<div class=\"elementor-column elementor-col-100 elementor-top-column elementor-element elementor-element-28f4f40\" data-id=\"28f4f40\" data-element_type=\"column\">\n\t\t\t<div class=\"elementor-widget-wrap elementor-element-populated\">\n\t\t\t\t\t\t<div class=\"elementor-element elementor-element-c7d53c3 elementor-widget elementor-widget-wd_image_or_svg\" data-id=\"c7d53c3\" data-element_type=\"widget\" data-widget_type=\"wd_image_or_svg.default\">\n\t\t\t\t<div class=\"elementor-widget-container\">\n\t\t\t\t\t\n\t\t<div class=\"wd-image text-left\">\n\t\t\t\t\t\t\t\t\t\t\t\t\t<\/div>\n\n\t\t\t\t\t\t<\/div>\n\t\t\t\t<\/div>\n\t\t\t\t\t<\/div>\n\t\t<\/div>\n\t\t\t\t\t<\/div>\n\t\t<\/section>\n\t\t\t\t<\/div>\n\t\t","protected":false},"excerpt":{"rendered":"<p>Tule koos lastega ronima!<\/p>\n<p>Hind sisaldab: sissep\u00e4\u00e4su ning rendisusside ja talgikotti kasutamist.<\/p>\n<ul>\n<li>Piletit saad kasutada \u00fche korra kuni homseni 24.00.<\/li>\n<li>Saali uuesti sisenemine lubatud 4 h aja.<\/li>\n<li>Pilet kehtib T1, Hipodroomi ja Mustika rahnuronimissaalides 24\/7 ning Peterburi tee k\u00f6rgel seina, kus ronitakse automaatjulgestusseadmetega ja k\u00f6iejulgestuses. Ilma julgestajakaardita ronijad on oodatud saali valveinstruktori t\u00f6\u00f6ajal.<\/li>\n<\/ul>\n<p>P\u00e4rast ostu saate kaks meili: 1) Arve 2) Link ukse avamiseks. Meili alguses olevale sinisele nupule vajutades p\u00e4\u00e4sete saali.<\/p>\n<p>V\u00e4ljaspool T1 keskuse lahtiolekuaega toimub sisenemine ja v\u00e4ljumine 3. korruse parkla ukse kaudu.<br \/>\nMustika Keskuse 24\/7 sisse- ja v\u00e4ljap\u00e4\u00e4s asub Bauhofi otsa liugv\u00e4ravate k\u00f5rval.<br \/>\nMujal keskustes liikumine tekitab h\u00e4ire.<\/p>\n","protected":false},"featured_media":54083,"template":"","meta":[],"product_brand":[],"product_cat":[128],"product_tag":[277],"class_list":{"0":"post-29348","1":"product","2":"type-product","3":"status-publish","4":"has-post-thumbnail","6":"product_cat-uhekordsed-paasmed","7":"product_tag-stebbykeelatud","9":"first","10":"instock","11":"sale","12":"taxable","13":"shipping-taxable","14":"purchasable","15":"product-type-variable"},"bundled_by":[],"bundle_stock_status":"instock","bundle_stock_quantity":null,"bundle_virtual":false,"bundle_layout":"","bundle_add_to_cart_form_location":"","bundle_editable_in_cart":false,"bundle_sold_individually_context":"","bundle_item_grouping":"","bundle_min_size":"","bundle_max_size":"","bundled_items":[],"bundle_sell_ids":[],"_links":{"self":[{"href":"https:\/\/ronimisministeerium.ee\/tallinn\/wp-json\/wp\/v2\/product\/29348","targetHints":{"allow":["GET"]}}],"collection":[{"href":"https:\/\/ronimisministeerium.ee\/tallinn\/wp-json\/wp\/v2\/product"}],"about":[{"href":"https:\/\/ronimisministeerium.ee\/tallinn\/wp-json\/wp\/v2\/types\/product"}],"version-history":[{"count":17,"href":"https:\/\/ronimisministeerium.ee\/tallinn\/wp-json\/wp\/v2\/product\/29348\/revisions"}],"predecessor-version":[{"id":94603,"href":"https:\/\/ronimisministeerium.ee\/tallinn\/wp-json\/wp\/v2\/product\/29348\/revisions\/94603"}],"wp:featuredmedia":[{"embeddable":true,"href":"https:\/\/ronimisministeerium.ee\/tallinn\/wp-json\/wp\/v2\/media\/54083"}],"wp:attachment":[{"href":"https:\/\/ronimisministeerium.ee\/tallinn\/wp-json\/wp\/v2\/media?parent=29348"}],"wp:term":[{"taxonomy":"product_brand","embeddable":true,"href":"https:\/\/ronimisministeerium.ee\/tallinn\/wp-json\/wp\/v2\/product_brand?post=29348"},{"taxonomy":"product_cat","embeddable":true,"href":"https:\/\/ronimisministeerium.ee\/tallinn\/wp-json\/wp\/v2\/product_cat?post=29348"},{"taxonomy":"product_tag","embeddable":true,"href":"https:\/\/ronimisministeerium.ee\/tallinn\/wp-json\/wp\/v2\/product_tag?post=29348"}],"curies":[{"name":"wp","href":"https:\/\/api.w.org\/{rel}","templated":true}]}}