{"id":3644,"date":"2021-12-02T19:50:31","date_gmt":"2021-12-02T17:50:31","guid":{"rendered":"https:\/\/test.ronimisministeerium.ee\/tallinn\/?post_type=product&#038;p=3644"},"modified":"2026-01-15T10:33:43","modified_gmt":"2026-01-15T08:33:43","slug":"vaartuskaart","status":"publish","type":"product","link":"https:\/\/ronimisministeerium.ee\/tallinn\/product\/vaartuskaart\/","title":{"rendered":"Ettemaksukaart (k\u00f5ik saalid)"},"content":{"rendered":"","protected":false},"excerpt":{"rendered":"<div class=\"info\">\n<p>Alternatiiv \u00fchekordsele piletile. Lae kaardile vabalt valitud summa. Sisenedes v\u00f5etakse kaardilt \u00fchekordse t\u00e4ispileti hind 11 \u20ac. Kehtib 6 kuud (24\/7) viimasest v\u00e4\u00e4rtuse kaardile lisamisest.<\/p>\n<p>Pilet kehtib T1, Hipodroomi ja Mustika rahnuronimissaalides 24\/7 ning Peterburi tee k\u00f6rgel seina, kus ronitakse automaatjulgestusseadmetega ja k\u00f6iejulgestuses. Peterburi tee saali on ilma julgestajakaardita ronijad oodatud saali tavalahtiolekuaegadel.*<\/p>\n<p>Saali uuesti sisenemine lubatud 4 h aja.<br \/>\nKaart on isikuline.<\/p>\n<\/div>\n<p>V\u00e4ljaspool T1 keskuse lahtiolekuaega toimub sisenemine ja v\u00e4ljumine 3. korruse parkla ukse kaudu.<br \/>\nMustika Keskuse 24\/7 sisse- ja v\u00e4ljap\u00e4\u00e4s asub Bauhofi otsa liugv\u00e4ravate k\u00f5rval.<br \/>\nMujal keskustes liikumine tekitab h\u00e4ire.<\/p>\n<p>* Ilma julgestajakaardita ronijad saavad ronida automaatjulgestusseadmetega varustatud radasid.<\/p>\n","protected":false},"featured_media":4306,"template":"","meta":[],"product_brand":[],"product_cat":[128,111],"product_tag":[],"class_list":{"0":"post-3644","1":"product","2":"type-product","3":"status-publish","4":"has-post-thumbnail","6":"product_cat-uhekordsed-paasmed","7":"product_cat-kuu-paasmed","9":"first","10":"instock","11":"virtual","12":"sold-individually","13":"taxable","14":"purchasable","15":"product-type-simple"},"bundled_by":[],"bundle_stock_status":"instock","bundle_stock_quantity":null,"bundle_virtual":false,"bundle_layout":"","bundle_add_to_cart_form_location":"","bundle_editable_in_cart":false,"bundle_sold_individually_context":"","bundle_item_grouping":"","bundle_min_size":"","bundle_max_size":"","bundled_items":[],"bundle_sell_ids":[],"_links":{"self":[{"href":"https:\/\/ronimisministeerium.ee\/tallinn\/wp-json\/wp\/v2\/product\/3644","targetHints":{"allow":["GET"]}}],"collection":[{"href":"https:\/\/ronimisministeerium.ee\/tallinn\/wp-json\/wp\/v2\/product"}],"about":[{"href":"https:\/\/ronimisministeerium.ee\/tallinn\/wp-json\/wp\/v2\/types\/product"}],"version-history":[{"count":19,"href":"https:\/\/ronimisministeerium.ee\/tallinn\/wp-json\/wp\/v2\/product\/3644\/revisions"}],"predecessor-version":[{"id":99880,"href":"https:\/\/ronimisministeerium.ee\/tallinn\/wp-json\/wp\/v2\/product\/3644\/revisions\/99880"}],"wp:featuredmedia":[{"embeddable":true,"href":"https:\/\/ronimisministeerium.ee\/tallinn\/wp-json\/wp\/v2\/media\/4306"}],"wp:attachment":[{"href":"https:\/\/ronimisministeerium.ee\/tallinn\/wp-json\/wp\/v2\/media?parent=3644"}],"wp:term":[{"taxonomy":"product_brand","embeddable":true,"href":"https:\/\/ronimisministeerium.ee\/tallinn\/wp-json\/wp\/v2\/product_brand?post=3644"},{"taxonomy":"product_cat","embeddable":true,"href":"https:\/\/ronimisministeerium.ee\/tallinn\/wp-json\/wp\/v2\/product_cat?post=3644"},{"taxonomy":"product_tag","embeddable":true,"href":"https:\/\/ronimisministeerium.ee\/tallinn\/wp-json\/wp\/v2\/product_tag?post=3644"}],"curies":[{"name":"wp","href":"https:\/\/api.w.org\/{rel}","templated":true}]}}