{"id":3651,"date":"2021-12-02T19:50:31","date_gmt":"2021-12-02T17:50:31","guid":{"rendered":"https:\/\/test.ronimisministeerium.ee\/tallinn\/?post_type=product&#038;p=3651"},"modified":"2026-04-05T18:26:37","modified_gmt":"2026-04-05T15:26:37","slug":"kuukaart-preemium","status":"publish","type":"product","link":"https:\/\/ronimisministeerium.ee\/tallinn\/product\/kuukaart-preemium\/","title":{"rendered":"Kuukaart (k\u00f5ik saalid)"},"content":{"rendered":"","protected":false},"excerpt":{"rendered":"<p>Pilet kehtib 24\/7\u00a0 T1, Mustika &amp; Hipodroomi rahnuronimissaalides ja Peterburi tee k\u00f6rgel seina, kus ronitakse automaatjulgestusseadmetega ja k\u00f6iejulgestuses. Peterburi tee saali on ilma julgestajakaardita ronijad oodatud saali tavalahtiolekuaegadel v\u00f5i koos julgestajakaardi omanikuga.*<\/p>\n<p>Kuupiletit ei sisalda ronimissusside v\u00f5i talgikotti renti.<\/p>\n<p>Piletiga kaasneb trennipuhkuse v\u00f5imalus, mille pikkus on \u00fcks n\u00e4dal iga kuu kohta &#8211; n\u00e4iteks 3 kuu kaardi v\u00f5ib panna pausile korraga 1, 2 v\u00f5i 3 n\u00e4dalaks.<\/p>\n<p>Kaart on isikuline.<\/p>\n<p>V\u00e4ljaspool T1 keskuse lahtiolekuaega toimub sisenemine ja v\u00e4ljumine 3. korruse parkla ukse kaudu.<br \/>\nMustika Keskuse 24\/7 sisse- ja v\u00e4ljap\u00e4\u00e4s asub Bauhofi otsa liugv\u00e4ravate k\u00f5rval.<br \/>\nMujal keskustes liikumine tekitab h\u00e4ire.<\/p>\n<p>P\u00e4rast ostu saate kaks meili:<br \/>\n1) Arve<br \/>\n2) Link ukse avamiseks. Meilis olevale sinisele nupule vajutades p\u00e4\u00e4sete saali.<\/p>\n<p>* Ilma julgestajakaardita ronijad saavad ronida:<br \/>\n1. automaatjulgestusseadmetega varustatud radasid ja<br \/>\n2. julgestajakaardi omaniku julgestuses \u00fclevalt julgestuses.<\/p>\n<p>Ilma altjulgestuskaardita ei saa ronida altjulgestuses v\u00f5i julgestada teist ronijad.<\/p>\n","protected":false},"featured_media":86740,"template":"","meta":[],"product_brand":[],"product_cat":[111],"product_tag":[],"class_list":{"0":"post-3651","1":"product","2":"type-product","3":"status-publish","4":"has-post-thumbnail","6":"product_cat-kuu-paasmed","8":"first","9":"instock","10":"sold-individually","11":"taxable","12":"shipping-taxable","13":"purchasable","14":"product-type-variable"},"bundled_by":[],"bundle_stock_status":"instock","bundle_stock_quantity":null,"bundle_virtual":false,"bundle_layout":"","bundle_add_to_cart_form_location":"","bundle_editable_in_cart":false,"bundle_sold_individually_context":"","bundle_item_grouping":"","bundle_min_size":"","bundle_max_size":"","bundled_items":[],"bundle_sell_ids":[],"_links":{"self":[{"href":"https:\/\/ronimisministeerium.ee\/tallinn\/wp-json\/wp\/v2\/product\/3651","targetHints":{"allow":["GET"]}}],"collection":[{"href":"https:\/\/ronimisministeerium.ee\/tallinn\/wp-json\/wp\/v2\/product"}],"about":[{"href":"https:\/\/ronimisministeerium.ee\/tallinn\/wp-json\/wp\/v2\/types\/product"}],"version-history":[{"count":24,"href":"https:\/\/ronimisministeerium.ee\/tallinn\/wp-json\/wp\/v2\/product\/3651\/revisions"}],"predecessor-version":[{"id":110063,"href":"https:\/\/ronimisministeerium.ee\/tallinn\/wp-json\/wp\/v2\/product\/3651\/revisions\/110063"}],"wp:featuredmedia":[{"embeddable":true,"href":"https:\/\/ronimisministeerium.ee\/tallinn\/wp-json\/wp\/v2\/media\/86740"}],"wp:attachment":[{"href":"https:\/\/ronimisministeerium.ee\/tallinn\/wp-json\/wp\/v2\/media?parent=3651"}],"wp:term":[{"taxonomy":"product_brand","embeddable":true,"href":"https:\/\/ronimisministeerium.ee\/tallinn\/wp-json\/wp\/v2\/product_brand?post=3651"},{"taxonomy":"product_cat","embeddable":true,"href":"https:\/\/ronimisministeerium.ee\/tallinn\/wp-json\/wp\/v2\/product_cat?post=3651"},{"taxonomy":"product_tag","embeddable":true,"href":"https:\/\/ronimisministeerium.ee\/tallinn\/wp-json\/wp\/v2\/product_tag?post=3651"}],"curies":[{"name":"wp","href":"https:\/\/api.w.org\/{rel}","templated":true}]}}